{"id":324,"date":"2023-09-17T21:34:55","date_gmt":"2023-09-17T19:34:55","guid":{"rendered":"https:\/\/renova-te.com\/?page_id=324"},"modified":"2023-09-17T22:39:42","modified_gmt":"2023-09-17T20:39:42","slug":"retirso-iniciacion","status":"publish","type":"page","link":"https:\/\/renova-te.com\/index.php\/retirso-iniciacion\/","title":{"rendered":"Retiros Iniciaci\u00f3n"},"content":{"rendered":"\t\t<div data-elementor-type=\"wp-page\" data-elementor-id=\"324\" class=\"elementor elementor-324\">\n\t\t\t\t\t\t<section class=\"elementor-section elementor-top-section elementor-element elementor-element-3c1902b elementor-section-boxed elementor-section-height-default elementor-section-height-default\" data-id=\"3c1902b\" data-element_type=\"section\" data-e-type=\"section\">\n\t\t\t\t\t\t<div class=\"elementor-container elementor-column-gap-default\">\n\t\t\t\t\t<div class=\"elementor-column elementor-col-100 elementor-top-column elementor-element elementor-element-41a9868\" data-id=\"41a9868\" data-element_type=\"column\" data-e-type=\"column\">\n\t\t\t<div class=\"elementor-widget-wrap elementor-element-populated\">\n\t\t\t\t\t\t<div class=\"elementor-element elementor-element-b58aca2 elementor-widget elementor-widget-heading\" data-id=\"b58aca2\" data-element_type=\"widget\" data-e-type=\"widget\" data-widget_type=\"heading.default\">\n\t\t\t\t\t<h2 class=\"elementor-heading-title elementor-size-default\"><br><br><br>Retiros Iniciaci\u00f3n<\/h2>\t\t\t\t<\/div>\n\t\t\t\t\t<\/div>\n\t\t<\/div>\n\t\t\t\t\t<\/div>\n\t\t<\/section>\n\t\t\t\t<section class=\"elementor-section elementor-top-section elementor-element elementor-element-129fe59 elementor-section-boxed elementor-section-height-default elementor-section-height-default\" data-id=\"129fe59\" data-element_type=\"section\" data-e-type=\"section\">\n\t\t\t\t\t\t<div class=\"elementor-container elementor-column-gap-default\">\n\t\t\t\t\t<div class=\"elementor-column elementor-col-100 elementor-top-column elementor-element elementor-element-897b8fb\" data-id=\"897b8fb\" data-element_type=\"column\" data-e-type=\"column\">\n\t\t\t<div class=\"elementor-widget-wrap elementor-element-populated\">\n\t\t\t\t\t\t<div class=\"elementor-element elementor-element-268a4ff elementor-widget elementor-widget-heading\" data-id=\"268a4ff\" data-element_type=\"widget\" data-e-type=\"widget\" data-widget_type=\"heading.default\">\n\t\t\t\t\t<h4 class=\"elementor-heading-title elementor-size-default\">Retiro de Bienestar y Vida Saludable: Un Viaje hacia el\nEquilibrio<\/h4>\t\t\t\t<\/div>\n\t\t\t\t\t<\/div>\n\t\t<\/div>\n\t\t\t\t\t<\/div>\n\t\t<\/section>\n\t\t\t\t<section class=\"elementor-section elementor-top-section elementor-element elementor-element-1a2f615 elementor-section-boxed elementor-section-height-default elementor-section-height-default\" data-id=\"1a2f615\" data-element_type=\"section\" data-e-type=\"section\">\n\t\t\t\t\t\t<div class=\"elementor-container elementor-column-gap-default\">\n\t\t\t\t\t<div class=\"elementor-column elementor-col-50 elementor-top-column elementor-element elementor-element-cd6be26\" data-id=\"cd6be26\" data-element_type=\"column\" data-e-type=\"column\">\n\t\t\t<div class=\"elementor-widget-wrap elementor-element-populated\">\n\t\t\t\t\t\t<div class=\"elementor-element elementor-element-7453025 elementor-widget elementor-widget-text-editor\" data-id=\"7453025\" data-element_type=\"widget\" data-e-type=\"widget\" data-widget_type=\"text-editor.default\">\n\t\t\t\t\t\t\t\t\t<p><br><\/p><p><br><\/p><p><br><\/p><p>La iniciaci\u00f3n en una vida saludable es un paso importante hacia el bienestar f\u00edsico y emocional.<br>Si una persona toma la decisi\u00f3n de dar el paso y empezar una vida m\u00e1s saludable tendr\u00eda que consultar a un nutricionista, entrenador personal o profesional de la salud, adem\u00e1s de buscar coach profesional para conseguir resultados.<br>Esto supondr\u00eda un largo camino si le a\u00f1adimos la b\u00fasqueda de apoyo continuo para no recaer de nuevo.<\/p>\t\t\t\t\t\t\t\t<\/div>\n\t\t\t\t\t<\/div>\n\t\t<\/div>\n\t\t\t\t<div class=\"elementor-column elementor-col-50 elementor-top-column elementor-element elementor-element-d863dae\" data-id=\"d863dae\" data-element_type=\"column\" data-e-type=\"column\">\n\t\t\t<div class=\"elementor-widget-wrap elementor-element-populated\">\n\t\t\t\t\t\t<div class=\"elementor-element elementor-element-b1a7a0c elementor-widget elementor-widget-image\" data-id=\"b1a7a0c\" data-element_type=\"widget\" data-e-type=\"widget\" data-widget_type=\"image.default\">\n\t\t\t\t\t\t\t\t\t\t\t\t\t\t\t<img fetchpriority=\"high\" decoding=\"async\" width=\"683\" height=\"1024\" src=\"https:\/\/renova-te.com\/wp-content\/uploads\/2023\/09\/9.foto-1-683x1024.jpg\" class=\"attachment-large size-large wp-image-260\" alt=\"\" srcset=\"https:\/\/renova-te.com\/wp-content\/uploads\/2023\/09\/9.foto-1-683x1024.jpg 683w, https:\/\/renova-te.com\/wp-content\/uploads\/2023\/09\/9.foto-1-200x300.jpg 200w, https:\/\/renova-te.com\/wp-content\/uploads\/2023\/09\/9.foto-1-768x1151.jpg 768w, https:\/\/renova-te.com\/wp-content\/uploads\/2023\/09\/9.foto-1-1025x1536.jpg 1025w, https:\/\/renova-te.com\/wp-content\/uploads\/2023\/09\/9.foto-1-1366x2048.jpg 1366w, https:\/\/renova-te.com\/wp-content\/uploads\/2023\/09\/9.foto-1-scaled.jpg 1708w\" sizes=\"(max-width: 683px) 100vw, 683px\" \/>\t\t\t\t\t\t\t\t\t\t\t\t\t\t\t<\/div>\n\t\t\t\t\t<\/div>\n\t\t<\/div>\n\t\t\t\t\t<\/div>\n\t\t<\/section>\n\t\t\t\t<section class=\"elementor-section elementor-top-section elementor-element elementor-element-da50533 elementor-section-boxed elementor-section-height-default elementor-section-height-default\" data-id=\"da50533\" data-element_type=\"section\" data-e-type=\"section\">\n\t\t\t\t\t\t<div class=\"elementor-container elementor-column-gap-default\">\n\t\t\t\t\t<div class=\"elementor-column elementor-col-100 elementor-top-column elementor-element elementor-element-84567d3\" data-id=\"84567d3\" data-element_type=\"column\" data-e-type=\"column\">\n\t\t\t<div class=\"elementor-widget-wrap elementor-element-populated\">\n\t\t\t\t\t\t<div class=\"elementor-element elementor-element-b7dfe04 elementor-widget elementor-widget-heading\" data-id=\"b7dfe04\" data-element_type=\"widget\" data-e-type=\"widget\" data-widget_type=\"heading.default\">\n\t\t\t\t\t<h4 class=\"elementor-heading-title elementor-size-default\">Qu\u00e9 pasar\u00eda si encontrases todo esto\n en un solo lugar y durante todo el a\u00f1o.<\/h4>\t\t\t\t<\/div>\n\t\t\t\t\t<\/div>\n\t\t<\/div>\n\t\t\t\t\t<\/div>\n\t\t<\/section>\n\t\t\t\t<section class=\"elementor-section elementor-top-section elementor-element elementor-element-085a2e9 elementor-section-boxed elementor-section-height-default elementor-section-height-default\" data-id=\"085a2e9\" data-element_type=\"section\" data-e-type=\"section\">\n\t\t\t\t\t\t<div class=\"elementor-container elementor-column-gap-default\">\n\t\t\t\t\t<div class=\"elementor-column elementor-col-100 elementor-top-column elementor-element elementor-element-5f88b32\" data-id=\"5f88b32\" data-element_type=\"column\" data-e-type=\"column\">\n\t\t\t<div class=\"elementor-widget-wrap elementor-element-populated\">\n\t\t\t\t\t\t<div class=\"elementor-element elementor-element-d76c6a0 elementor-widget elementor-widget-text-editor\" data-id=\"d76c6a0\" data-element_type=\"widget\" data-e-type=\"widget\" data-widget_type=\"text-editor.default\">\n\t\t\t\t\t\t\t\t\t<p>Nuestro retiro de bienestar est\u00e1 dise\u00f1ado para brindarte las herramientas y conocimientos necesarios para adoptar un estilo de vida m\u00e1s saludable y equilibrado.<\/p>\t\t\t\t\t\t\t\t<\/div>\n\t\t\t\t<div class=\"elementor-element elementor-element-636e8b6 elementor-widget elementor-widget-image\" data-id=\"636e8b6\" data-element_type=\"widget\" data-e-type=\"widget\" data-widget_type=\"image.default\">\n\t\t\t\t\t\t\t\t\t\t\t\t\t\t\t<img decoding=\"async\" width=\"1366\" height=\"768\" src=\"https:\/\/renova-te.com\/wp-content\/uploads\/2023\/09\/ademas-te-ofrecemos.png\" class=\"attachment-1536x1536 size-1536x1536 wp-image-295\" alt=\"\" srcset=\"https:\/\/renova-te.com\/wp-content\/uploads\/2023\/09\/ademas-te-ofrecemos.png 1366w, https:\/\/renova-te.com\/wp-content\/uploads\/2023\/09\/ademas-te-ofrecemos-300x169.png 300w, https:\/\/renova-te.com\/wp-content\/uploads\/2023\/09\/ademas-te-ofrecemos-1024x576.png 1024w, https:\/\/renova-te.com\/wp-content\/uploads\/2023\/09\/ademas-te-ofrecemos-768x432.png 768w\" sizes=\"(max-width: 1366px) 100vw, 1366px\" \/>\t\t\t\t\t\t\t\t\t\t\t\t\t\t\t<\/div>\n\t\t\t\t\t<\/div>\n\t\t<\/div>\n\t\t\t\t\t<\/div>\n\t\t<\/section>\n\t\t\t\t<section class=\"elementor-section elementor-top-section elementor-element elementor-element-4ed121c elementor-section-boxed elementor-section-height-default elementor-section-height-default\" data-id=\"4ed121c\" data-element_type=\"section\" data-e-type=\"section\">\n\t\t\t\t\t\t<div class=\"elementor-container elementor-column-gap-default\">\n\t\t\t\t\t<div class=\"elementor-column elementor-col-100 elementor-top-column elementor-element elementor-element-075470c\" data-id=\"075470c\" data-element_type=\"column\" data-e-type=\"column\">\n\t\t\t<div class=\"elementor-widget-wrap elementor-element-populated\">\n\t\t\t\t\t\t<div class=\"elementor-element elementor-element-634c042 elementor-widget__width-initial elementor-widget elementor-widget-image\" data-id=\"634c042\" data-element_type=\"widget\" data-e-type=\"widget\" data-widget_type=\"image.default\">\n\t\t\t\t\t\t\t\t\t\t\t\t\t\t\t<img decoding=\"async\" width=\"1024\" height=\"1024\" src=\"https:\/\/renova-te.com\/wp-content\/uploads\/2023\/08\/10-1024x1024.png\" class=\"attachment-large size-large wp-image-80\" alt=\"\" srcset=\"https:\/\/renova-te.com\/wp-content\/uploads\/2023\/08\/10-1024x1024.png 1024w, https:\/\/renova-te.com\/wp-content\/uploads\/2023\/08\/10-300x300.png 300w, https:\/\/renova-te.com\/wp-content\/uploads\/2023\/08\/10-150x150.png 150w, https:\/\/renova-te.com\/wp-content\/uploads\/2023\/08\/10-768x768.png 768w, https:\/\/renova-te.com\/wp-content\/uploads\/2023\/08\/10.png 1080w\" sizes=\"(max-width: 1024px) 100vw, 1024px\" \/>\t\t\t\t\t\t\t\t\t\t\t\t\t\t\t<\/div>\n\t\t\t\t<div class=\"elementor-element elementor-element-f431721 elementor-widget__width-initial elementor-widget elementor-widget-text-editor\" data-id=\"f431721\" data-element_type=\"widget\" data-e-type=\"widget\" data-widget_type=\"text-editor.default\">\n\t\t\t\t\t\t\t\t\t<p><br><\/p><p><span style=\"font-style: inherit; font-weight: inherit; background-color: var(--ast-global-color-5);\">Durante este retiro, te sumergir\u00e1s en un ambiente rejuvenecedor donde cada d\u00eda comienza con sesiones de yoga al aire libre, guiadas por expertos en bienestar f\u00edsico y mental. Aprender\u00e1s t\u00e9cnicas de respiraci\u00f3n y meditaci\u00f3n que te ayudar\u00e1n a reducir el estr\u00e9s y a encontrar la calma interior.<\/span><br><\/p><p>Nuestros chefs especializados te deleitar\u00e1n con una dieta equilibrada y deliciosa, basada en ingredientes frescos y naturales. Aprender\u00e1s sobre nutrici\u00f3n y c\u00f3mo preparar comidas saludables que te nutran desde adentro hacia afuera.<br>Adem\u00e1s, tendr\u00e1s acceso a charlas y consejos pr\u00e1cticos para mantener una rutina de bienestar en tu vida diaria.<br>El retiro tambi\u00e9n te brindar\u00e1 tiempo libre para explorar la naturaleza circundante, disfrutar de masajes relajantes y conectar contigo mismo a trav\u00e9s de actividades creativas y reflexivas.<br>Al finalizar el retiro, te llevar\u00e1s contigo no solo las herramientas pr\u00e1cticas para mantener una vida m\u00e1s sana, sino tambi\u00e9n la inspiraci\u00f3n y la motivaci\u00f3n para seguir cultivando tu bienestar a largo plazo.<br>\u00danete a nosotros en este viaje hacia una vida m\u00e1s saludable y equilibrada. \u00a1Te esperamos para compartir juntos esta transformadora experiencia!<\/p>\t\t\t\t\t\t\t\t<\/div>\n\t\t\t\t\t<\/div>\n\t\t<\/div>\n\t\t\t\t\t<\/div>\n\t\t<\/section>\n\t\t\t\t<section class=\"elementor-section elementor-top-section elementor-element elementor-element-d7edb76 elementor-section-boxed elementor-section-height-default elementor-section-height-default\" data-id=\"d7edb76\" data-element_type=\"section\" data-e-type=\"section\">\n\t\t\t\t\t\t<div class=\"elementor-container elementor-column-gap-default\">\n\t\t\t\t\t<div class=\"elementor-column elementor-col-50 elementor-top-column elementor-element elementor-element-8ec9238\" data-id=\"8ec9238\" data-element_type=\"column\" data-e-type=\"column\">\n\t\t\t<div class=\"elementor-widget-wrap elementor-element-populated\">\n\t\t\t\t\t\t<div class=\"elementor-element elementor-element-6f171ad elementor-widget elementor-widget-heading\" data-id=\"6f171ad\" data-element_type=\"widget\" data-e-type=\"widget\" data-widget_type=\"heading.default\">\n\t\t\t\t\t<h4 class=\"elementor-heading-title elementor-size-default\"><br>PACK INICIACI\u00d3N: Constan de una estancia de 4 d\u00edas y 3 noches donde se incluye:<\/h4>\t\t\t\t<\/div>\n\t\t\t\t<div class=\"elementor-element elementor-element-9652e02 elementor-widget elementor-widget-text-editor\" data-id=\"9652e02\" data-element_type=\"widget\" data-e-type=\"widget\" data-widget_type=\"text-editor.default\">\n\t\t\t\t\t\t\t\t\t<ul><li>Alojamiento en pensi\u00f3n completa en habitaci\u00f3n doble.<\/li><li>Comida saludable preparada por medico de nutricionista mediante convenio.<\/li><li>Diagnostico personalizado antes de entrar en la casa.<\/li><li>Talleres de alimentaci\u00f3n saludable y como elegir una dieta sana.<\/li><li>Actividades f\u00edsicas grupales diarias y sesiones de relajaci\u00f3n, meditaci\u00f3n, respiraci\u00f3n.<\/li><li>Charlas sobre control emocional, y aumento de la autoestima.<\/li><\/ul>\t\t\t\t\t\t\t\t<\/div>\n\t\t\t\t<div class=\"elementor-element elementor-element-5f49398 elementor-widget elementor-widget-heading\" data-id=\"5f49398\" data-element_type=\"widget\" data-e-type=\"widget\" data-widget_type=\"heading.default\">\n\t\t\t\t\t<h4 class=\"elementor-heading-title elementor-size-default\">Pide informaci\u00f3n sin compromiso<\/h4>\t\t\t\t<\/div>\n\t\t\t\t\t<\/div>\n\t\t<\/div>\n\t\t\t\t<div class=\"elementor-column elementor-col-50 elementor-top-column elementor-element elementor-element-1dcd9f7\" data-id=\"1dcd9f7\" data-element_type=\"column\" data-e-type=\"column\">\n\t\t\t<div class=\"elementor-widget-wrap elementor-element-populated\">\n\t\t\t\t\t\t<div class=\"elementor-element elementor-element-cca8b4d elementor-widget elementor-widget-image\" data-id=\"cca8b4d\" data-element_type=\"widget\" data-e-type=\"widget\" data-widget_type=\"image.default\">\n\t\t\t\t\t\t\t\t\t\t\t\t\t\t\t<img loading=\"lazy\" decoding=\"async\" width=\"1024\" height=\"1024\" src=\"https:\/\/renova-te.com\/wp-content\/uploads\/2023\/08\/2-1024x1024.png\" class=\"attachment-large size-large wp-image-72\" alt=\"\" srcset=\"https:\/\/renova-te.com\/wp-content\/uploads\/2023\/08\/2-1024x1024.png 1024w, https:\/\/renova-te.com\/wp-content\/uploads\/2023\/08\/2-300x300.png 300w, https:\/\/renova-te.com\/wp-content\/uploads\/2023\/08\/2-150x150.png 150w, https:\/\/renova-te.com\/wp-content\/uploads\/2023\/08\/2-768x768.png 768w, https:\/\/renova-te.com\/wp-content\/uploads\/2023\/08\/2.png 1080w\" sizes=\"(max-width: 1024px) 100vw, 1024px\" \/>\t\t\t\t\t\t\t\t\t\t\t\t\t\t\t<\/div>\n\t\t\t\t\t<\/div>\n\t\t<\/div>\n\t\t\t\t\t<\/div>\n\t\t<\/section>\n\t\t\t\t<section class=\"elementor-section elementor-top-section elementor-element elementor-element-6030eba elementor-section-boxed elementor-section-height-default elementor-section-height-default\" data-id=\"6030eba\" data-element_type=\"section\" data-e-type=\"section\">\n\t\t\t\t\t\t<div class=\"elementor-container elementor-column-gap-default\">\n\t\t\t\t\t<div class=\"elementor-column elementor-col-100 elementor-top-column elementor-element elementor-element-a112505\" data-id=\"a112505\" data-element_type=\"column\" data-e-type=\"column\">\n\t\t\t<div class=\"elementor-widget-wrap elementor-element-populated\">\n\t\t\t\t\t\t<div class=\"elementor-element elementor-element-fd35f25 elementor-widget elementor-widget-wpforms\" data-id=\"fd35f25\" data-element_type=\"widget\" data-e-type=\"widget\" data-widget_type=\"wpforms.default\">\n\t\t\t\t<div class=\"elementor-widget-container\">\n\t\t\t\t\t<div class=\"wpforms-container wpforms-container-full wpforms-render-modern\" id=\"wpforms-9\"><form id=\"wpforms-form-9\" class=\"wpforms-validate wpforms-form\" data-formid=\"9\" method=\"post\" enctype=\"multipart\/form-data\" action=\"\/index.php\/wp-json\/wp\/v2\/pages\/324\" data-token=\"fcf1320243a741572dfa3247870a452c\" data-token-time=\"1776285538\"><noscript class=\"wpforms-error-noscript\">Por favor, activa JavaScript en tu navegador para completar este formulario.<\/noscript><div id=\"wpforms-error-noscript\" style=\"display: none;\">Por favor, activa JavaScript en tu navegador para completar este formulario.<\/div><div class=\"wpforms-field-container\"><div id=\"wpforms-9-field_0-container\" class=\"wpforms-field wpforms-field-name wpforms-one-half wpforms-first\" data-field-id=\"0\"><label class=\"wpforms-field-label\" for=\"wpforms-9-field_0\">Nombre  <span class=\"wpforms-required-label\" aria-hidden=\"true\">*<\/span><\/label><input type=\"text\" id=\"wpforms-9-field_0\" class=\"wpforms-field-large wpforms-field-required\" name=\"wpforms[fields][0]\" placeholder=\"Nombre\" aria-errormessage=\"wpforms-9-field_0-error\" required><\/div><div id=\"wpforms-9-field_3-container\" class=\"wpforms-field wpforms-field-email wpforms-one-half\" data-field-id=\"3\"><label class=\"wpforms-field-label\" for=\"wpforms-9-field_3\">Email <span class=\"wpforms-required-label\" aria-hidden=\"true\">*<\/span><\/label><input type=\"email\" id=\"wpforms-9-field_3\" class=\"wpforms-field-large wpforms-field-required\" name=\"wpforms[fields][3]\" placeholder=\"Email\" spellcheck=\"false\" aria-errormessage=\"wpforms-9-field_3-error\" required><\/div><div id=\"wpforms-9-field_8-container\" class=\"wpforms-field wpforms-field-text\" data-field-id=\"8\"><label class=\"wpforms-field-label\" for=\"wpforms-9-field_8\">Movil <span class=\"wpforms-required-label\" aria-hidden=\"true\">*<\/span><\/label><input type=\"text\" id=\"wpforms-9-field_8\" class=\"wpforms-field-medium wpforms-field-required\" name=\"wpforms[fields][8]\" placeholder=\"Movil\" aria-errormessage=\"wpforms-9-field_8-error\" required><\/div><div id=\"wpforms-9-field_2-container\" class=\"wpforms-field wpforms-field-textarea\" data-field-id=\"2\"><label class=\"wpforms-field-label\" for=\"wpforms-9-field_2\">Tu pregunta <span class=\"wpforms-required-label\" aria-hidden=\"true\">*<\/span><\/label><textarea id=\"wpforms-9-field_2\" class=\"wpforms-field-medium wpforms-field-required\" name=\"wpforms[fields][2]\" placeholder=\"Tu pregunta\" aria-errormessage=\"wpforms-9-field_2-error\" required><\/textarea><\/div><div id=\"wpforms-9-field_6-container\" class=\"wpforms-field wpforms-field-radio\" data-field-id=\"6\"><fieldset><legend class=\"wpforms-field-label\"> <span class=\"wpforms-required-label\" aria-hidden=\"true\">*<\/span><\/legend><ul id=\"wpforms-9-field_6\" class=\"wpforms-field-required\"><li class=\"choice-1 depth-1\"><input type=\"radio\" id=\"wpforms-9-field_6_1\" name=\"wpforms[fields][6]\" value=\"Acepto recibir otras comunicaciones de Renova-Te\" aria-errormessage=\"wpforms-9-field_6_1-error\" required ><label class=\"wpforms-field-label-inline\" for=\"wpforms-9-field_6_1\">Acepto recibir otras comunicaciones de Renova-Te<\/label><\/li><\/ul><\/fieldset><\/div><\/div><!-- .wpforms-field-container --><div class=\"wpforms-submit-container\" ><input type=\"hidden\" name=\"wpforms[id]\" value=\"9\"><input type=\"hidden\" name=\"page_title\" value=\"\"><input type=\"hidden\" name=\"page_url\" value=\"https:\/\/renova-te.com\/index.php\/wp-json\/wp\/v2\/pages\/324\"><input type=\"hidden\" name=\"url_referer\" value=\"\"><button type=\"submit\" name=\"wpforms[submit]\" id=\"wpforms-submit-9\" class=\"wpforms-submit\" data-alt-text=\"Enviando...\" data-submit-text=\"Enviar\" aria-live=\"assertive\" value=\"wpforms-submit\">Enviar<\/button><\/div><\/form><\/div>  <!-- .wpforms-container -->\t\t\t\t<\/div>\n\t\t\t\t<\/div>\n\t\t\t\t\t<\/div>\n\t\t<\/div>\n\t\t\t\t\t<\/div>\n\t\t<\/section>\n\t\t\t\t<\/div>\n\t\t","protected":false},"excerpt":{"rendered":"<p>Retiros Iniciaci\u00f3n Retiro de Bienestar y Vida Saludable: Un Viaje hacia el Equilibrio La iniciaci\u00f3n en una vida saludable es un paso importante hacia el bienestar f\u00edsico y emocional. Si una persona toma la decisi\u00f3n de dar el paso y empezar una vida m\u00e1s saludable tendr\u00eda que consultar a un nutricionista, entrenador personal o profesional [&hellip;]<\/p>\n","protected":false},"author":1,"featured_media":0,"parent":0,"menu_order":0,"comment_status":"closed","ping_status":"closed","template":"","meta":{"om_disable_all_campaigns":false,"site-sidebar-layout":"no-sidebar","site-content-layout":"","ast-site-content-layout":"full-width-container","site-content-style":"default","site-sidebar-style":"default","ast-global-header-display":"","ast-banner-title-visibility":"","ast-main-header-display":"","ast-hfb-above-header-display":"","ast-hfb-below-header-display":"","ast-hfb-mobile-header-display":"","site-post-title":"disabled","ast-breadcrumbs-content":"","ast-featured-img":"disabled","footer-sml-layout":"","ast-disable-related-posts":"","theme-transparent-header-meta":"","adv-header-id-meta":"","stick-header-meta":"","header-above-stick-meta":"","header-main-stick-meta":"","header-below-stick-meta":"","astra-migrate-meta-layouts":"default","ast-page-background-enabled":"default","ast-page-background-meta":{"desktop":{"background-color":"var(--ast-global-color-4)","background-image":"","background-repeat":"repeat","background-position":"center center","background-size":"auto","background-attachment":"scroll","background-type":"","background-media":"","overlay-type":"","overlay-color":"","overlay-opacity":"","overlay-gradient":""},"tablet":{"background-color":"","background-image":"","background-repeat":"repeat","background-position":"center center","background-size":"auto","background-attachment":"scroll","background-type":"","background-media":"","overlay-type":"","overlay-color":"","overlay-opacity":"","overlay-gradient":""},"mobile":{"background-color":"","background-image":"","background-repeat":"repeat","background-position":"center center","background-size":"auto","background-attachment":"scroll","background-type":"","background-media":"","overlay-type":"","overlay-color":"","overlay-opacity":"","overlay-gradient":""}},"ast-content-background-meta":{"desktop":{"background-color":"var(--ast-global-color-5)","background-image":"","background-repeat":"repeat","background-position":"center center","background-size":"auto","background-attachment":"scroll","background-type":"","background-media":"","overlay-type":"","overlay-color":"","overlay-opacity":"","overlay-gradient":""},"tablet":{"background-color":"var(--ast-global-color-5)","background-image":"","background-repeat":"repeat","background-position":"center center","background-size":"auto","background-attachment":"scroll","background-type":"","background-media":"","overlay-type":"","overlay-color":"","overlay-opacity":"","overlay-gradient":""},"mobile":{"background-color":"var(--ast-global-color-5)","background-image":"","background-repeat":"repeat","background-position":"center center","background-size":"auto","background-attachment":"scroll","background-type":"","background-media":"","overlay-type":"","overlay-color":"","overlay-opacity":"","overlay-gradient":""}},"footnotes":""},"class_list":["post-324","page","type-page","status-publish","hentry"],"aioseo_notices":[],"_links":{"self":[{"href":"https:\/\/renova-te.com\/index.php\/wp-json\/wp\/v2\/pages\/324","targetHints":{"allow":["GET"]}}],"collection":[{"href":"https:\/\/renova-te.com\/index.php\/wp-json\/wp\/v2\/pages"}],"about":[{"href":"https:\/\/renova-te.com\/index.php\/wp-json\/wp\/v2\/types\/page"}],"author":[{"embeddable":true,"href":"https:\/\/renova-te.com\/index.php\/wp-json\/wp\/v2\/users\/1"}],"replies":[{"embeddable":true,"href":"https:\/\/renova-te.com\/index.php\/wp-json\/wp\/v2\/comments?post=324"}],"version-history":[{"count":11,"href":"https:\/\/renova-te.com\/index.php\/wp-json\/wp\/v2\/pages\/324\/revisions"}],"predecessor-version":[{"id":336,"href":"https:\/\/renova-te.com\/index.php\/wp-json\/wp\/v2\/pages\/324\/revisions\/336"}],"wp:attachment":[{"href":"https:\/\/renova-te.com\/index.php\/wp-json\/wp\/v2\/media?parent=324"}],"curies":[{"name":"wp","href":"https:\/\/api.w.org\/{rel}","templated":true}]}}