{"id":306,"date":"2023-09-17T21:14:28","date_gmt":"2023-09-17T19:14:28","guid":{"rendered":"https:\/\/renova-te.com\/?page_id=306"},"modified":"2023-09-18T09:38:21","modified_gmt":"2023-09-18T07:38:21","slug":"retiro-perdida-de-peso","status":"publish","type":"page","link":"https:\/\/renova-te.com\/index.php\/retiro-perdida-de-peso\/","title":{"rendered":"Retiro perdida de peso"},"content":{"rendered":"\t\t<div data-elementor-type=\"wp-page\" data-elementor-id=\"306\" class=\"elementor elementor-306\">\n\t\t\t\t\t\t<section class=\"elementor-section elementor-top-section elementor-element elementor-element-d79e2de elementor-section-boxed elementor-section-height-default elementor-section-height-default\" data-id=\"d79e2de\" data-element_type=\"section\" data-e-type=\"section\">\n\t\t\t\t\t\t<div class=\"elementor-container elementor-column-gap-default\">\n\t\t\t\t\t<div class=\"elementor-column elementor-col-100 elementor-top-column elementor-element elementor-element-f2ae50b\" data-id=\"f2ae50b\" data-element_type=\"column\" data-e-type=\"column\">\n\t\t\t<div class=\"elementor-widget-wrap elementor-element-populated\">\n\t\t\t\t\t\t<div class=\"elementor-element elementor-element-e800edd elementor-widget elementor-widget-heading\" data-id=\"e800edd\" data-element_type=\"widget\" data-e-type=\"widget\" data-widget_type=\"heading.default\">\n\t\t\t\t\t<h2 class=\"elementor-heading-title elementor-size-default\"><br><br>Retiro perdida de peso<\/h2>\t\t\t\t<\/div>\n\t\t\t\t\t<\/div>\n\t\t<\/div>\n\t\t\t\t\t<\/div>\n\t\t<\/section>\n\t\t\t\t<section class=\"elementor-section elementor-top-section elementor-element elementor-element-28ca6f9 elementor-section-boxed elementor-section-height-default elementor-section-height-default\" data-id=\"28ca6f9\" data-element_type=\"section\" data-e-type=\"section\">\n\t\t\t\t\t\t<div class=\"elementor-container elementor-column-gap-default\">\n\t\t\t\t\t<div class=\"elementor-column elementor-col-50 elementor-top-column elementor-element elementor-element-c155a11\" data-id=\"c155a11\" data-element_type=\"column\" data-e-type=\"column\">\n\t\t\t<div class=\"elementor-widget-wrap elementor-element-populated\">\n\t\t\t\t\t\t<div class=\"elementor-element elementor-element-e3d8476 elementor-widget elementor-widget-text-editor\" data-id=\"e3d8476\" data-element_type=\"widget\" data-e-type=\"widget\" data-widget_type=\"text-editor.default\">\n\t\t\t\t\t\t\t\t\t<p>Cuando una persona tiene sobrepeso, puede poner una presi\u00f3n extra en su cuerpo. Esto puede llevar a problemas como enfermedades del coraz\u00f3n, diabetes y otros problemas de salud graves. Adem\u00e1s, el sobrepeso<br>puede hacer que sea m\u00e1s dif\u00edcil moverse y sentirse c\u00f3modo.<br>Expertos de la salud afirman que los malos h\u00e1bitos alimenticios favorecen el aumento de peso. Junto con la inactividad f\u00edsica contribuyen a un incremento<br>considerable de la masa corporal.<br>Lo que significa que la obesidad no es s\u00f3lo un problema est\u00e9tico, sino que debe considerarse como una enfermedad cr\u00f3nica y degenerativa.<\/p>\t\t\t\t\t\t\t\t<\/div>\n\t\t\t\t\t<\/div>\n\t\t<\/div>\n\t\t\t\t<div class=\"elementor-column elementor-col-50 elementor-top-column elementor-element elementor-element-4f684b5\" data-id=\"4f684b5\" data-element_type=\"column\" data-e-type=\"column\">\n\t\t\t<div class=\"elementor-widget-wrap elementor-element-populated\">\n\t\t\t\t\t\t<div class=\"elementor-element elementor-element-f70c45c elementor-widget elementor-widget-image\" data-id=\"f70c45c\" data-element_type=\"widget\" data-e-type=\"widget\" data-widget_type=\"image.default\">\n\t\t\t\t\t\t\t\t\t\t\t\t\t\t\t<img fetchpriority=\"high\" decoding=\"async\" width=\"509\" height=\"338\" src=\"https:\/\/renova-te.com\/wp-content\/uploads\/2023\/09\/sobrepeso.jpg\" class=\"attachment-large size-large wp-image-440\" alt=\"\" srcset=\"https:\/\/renova-te.com\/wp-content\/uploads\/2023\/09\/sobrepeso.jpg 509w, https:\/\/renova-te.com\/wp-content\/uploads\/2023\/09\/sobrepeso-300x199.jpg 300w\" sizes=\"(max-width: 509px) 100vw, 509px\" \/>\t\t\t\t\t\t\t\t\t\t\t\t\t\t\t<\/div>\n\t\t\t\t\t<\/div>\n\t\t<\/div>\n\t\t\t\t\t<\/div>\n\t\t<\/section>\n\t\t\t\t<section class=\"elementor-section elementor-top-section elementor-element elementor-element-f71c149 elementor-section-boxed elementor-section-height-default elementor-section-height-default\" data-id=\"f71c149\" data-element_type=\"section\" data-e-type=\"section\">\n\t\t\t\t\t\t<div class=\"elementor-container elementor-column-gap-default\">\n\t\t\t\t\t<div class=\"elementor-column elementor-col-100 elementor-top-column elementor-element elementor-element-a756faf\" data-id=\"a756faf\" data-element_type=\"column\" data-e-type=\"column\">\n\t\t\t<div class=\"elementor-widget-wrap elementor-element-populated\">\n\t\t\t\t\t\t<div class=\"elementor-element elementor-element-28b932f elementor-widget elementor-widget-text-editor\" data-id=\"28b932f\" data-element_type=\"widget\" data-e-type=\"widget\" data-widget_type=\"text-editor.default\">\n\t\t\t\t\t\t\t\t\t<p>Conseguir un peso controlado es vital para poder prevenir enfermedades cr\u00f3nicas, afrontar con \u00e9xito<br \/>pr\u00f3ximas epidemias y disfrutar de una vida saludable con menos riesgos.<\/p>\t\t\t\t\t\t\t\t<\/div>\n\t\t\t\t<div class=\"elementor-element elementor-element-660b5c9 elementor-widget elementor-widget-heading\" data-id=\"660b5c9\" data-element_type=\"widget\" data-e-type=\"widget\" data-widget_type=\"heading.default\">\n\t\t\t\t\t<h4 class=\"elementor-heading-title elementor-size-default\">\u00bfQu\u00e9 te vas a encontrar?<\/h4>\t\t\t\t<\/div>\n\t\t\t\t<div class=\"elementor-element elementor-element-b78ef9d elementor-widget__width-initial elementor-widget elementor-widget-text-editor\" data-id=\"b78ef9d\" data-element_type=\"widget\" data-e-type=\"widget\" data-widget_type=\"text-editor.default\">\n\t\t\t\t\t\t\t\t\t<p>Experiencias f\u00e1ciles y divertidas con triple enfoque para aprender a:<br>Comer saludable<br>Practicar actividad f\u00edsica regular<br>Aprender a controlar el estr\u00e9s y aumentar la autoestima<br>Y como propuesta de valor adicional se ofrecen estancias con pensi\u00f3n completa a precios accesibles para practicar en grupos y aumentar la motivaci\u00f3n de las personas.<\/p>\t\t\t\t\t\t\t\t<\/div>\n\t\t\t\t<div class=\"elementor-element elementor-element-2b31e71 elementor-widget__width-initial elementor-widget elementor-widget-image\" data-id=\"2b31e71\" data-element_type=\"widget\" data-e-type=\"widget\" data-widget_type=\"image.default\">\n\t\t\t\t\t\t\t\t\t\t\t\t\t\t\t<img decoding=\"async\" width=\"300\" height=\"300\" src=\"https:\/\/renova-te.com\/wp-content\/uploads\/2023\/08\/9-300x300.png\" class=\"attachment-medium size-medium wp-image-79\" alt=\"\" srcset=\"https:\/\/renova-te.com\/wp-content\/uploads\/2023\/08\/9-300x300.png 300w, https:\/\/renova-te.com\/wp-content\/uploads\/2023\/08\/9-1024x1024.png 1024w, https:\/\/renova-te.com\/wp-content\/uploads\/2023\/08\/9-150x150.png 150w, https:\/\/renova-te.com\/wp-content\/uploads\/2023\/08\/9-768x768.png 768w, https:\/\/renova-te.com\/wp-content\/uploads\/2023\/08\/9.png 1080w\" sizes=\"(max-width: 300px) 100vw, 300px\" \/>\t\t\t\t\t\t\t\t\t\t\t\t\t\t\t<\/div>\n\t\t\t\t<div class=\"elementor-element elementor-element-f9ddb89 elementor-widget elementor-widget-heading\" data-id=\"f9ddb89\" data-element_type=\"widget\" data-e-type=\"widget\" data-widget_type=\"heading.default\">\n\t\t\t\t\t<h4 class=\"elementor-heading-title elementor-size-default\">PACK RENOVA-TE: <br>Estancias de 8 d\u00edas y 7 noches, se incluye:<\/h4>\t\t\t\t<\/div>\n\t\t\t\t<div class=\"elementor-element elementor-element-3674c8d elementor-widget__width-initial elementor-widget elementor-widget-image\" data-id=\"3674c8d\" data-element_type=\"widget\" data-e-type=\"widget\" data-widget_type=\"image.default\">\n\t\t\t\t\t\t\t\t\t\t\t\t\t\t\t<img decoding=\"async\" width=\"1024\" height=\"1024\" src=\"https:\/\/renova-te.com\/wp-content\/uploads\/2023\/08\/1-1024x1024.png\" class=\"attachment-large size-large wp-image-71\" alt=\"\" srcset=\"https:\/\/renova-te.com\/wp-content\/uploads\/2023\/08\/1-1024x1024.png 1024w, https:\/\/renova-te.com\/wp-content\/uploads\/2023\/08\/1-300x300.png 300w, https:\/\/renova-te.com\/wp-content\/uploads\/2023\/08\/1-150x150.png 150w, https:\/\/renova-te.com\/wp-content\/uploads\/2023\/08\/1-768x768.png 768w, https:\/\/renova-te.com\/wp-content\/uploads\/2023\/08\/1.png 1080w\" sizes=\"(max-width: 1024px) 100vw, 1024px\" \/>\t\t\t\t\t\t\t\t\t\t\t\t\t\t\t<\/div>\n\t\t\t\t<div class=\"elementor-element elementor-element-9658903 elementor-widget__width-initial elementor-widget elementor-widget-text-editor\" data-id=\"9658903\" data-element_type=\"widget\" data-e-type=\"widget\" data-widget_type=\"text-editor.default\">\n\t\t\t\t\t\t\t\t\t<ul><li>Alojamiento en pensi\u00f3n completa en habitaci\u00f3n doble<\/li><li>Comida saludable preparada por medico de nutricionista mediante convenio<\/li><li>Diagnostico personalizado antes de entrar en la casa.<\/li><li>Talleres de alimentaci\u00f3n saludable y como elegir una dieta sana.<\/li><li>\u00a0Actividades f\u00edsicas grupales diarias y sesiones de relajaci\u00f3n, meditaci\u00f3n, respiraci\u00f3n.<\/li><li>\u00a0Charlas sobre control emocional, y aumento de la autoestima.<\/li><li>D\u00edas de ocio y diversi\u00f3n por la comarca para relajaci\u00f3n y motivaci\u00f3n.<\/li><\/ul>\t\t\t\t\t\t\t\t<\/div>\n\t\t\t\t<div class=\"elementor-element elementor-element-e7869c7 elementor-widget elementor-widget-heading\" data-id=\"e7869c7\" data-element_type=\"widget\" data-e-type=\"widget\" data-widget_type=\"heading.default\">\n\t\t\t\t\t<h4 class=\"elementor-heading-title elementor-size-default\">Pide informaci\u00f3n sin compromiso<\/h4>\t\t\t\t<\/div>\n\t\t\t\t<div class=\"elementor-element elementor-element-eb7d3c2 elementor-widget elementor-widget-wpforms\" data-id=\"eb7d3c2\" data-element_type=\"widget\" data-e-type=\"widget\" data-widget_type=\"wpforms.default\">\n\t\t\t\t<div class=\"elementor-widget-container\">\n\t\t\t\t\t<div class=\"wpforms-container wpforms-container-full wpforms-render-modern\" id=\"wpforms-9\"><form id=\"wpforms-form-9\" class=\"wpforms-validate wpforms-form\" data-formid=\"9\" method=\"post\" enctype=\"multipart\/form-data\" action=\"\/index.php\/wp-json\/wp\/v2\/pages\/306\" data-token=\"fcf1320243a741572dfa3247870a452c\" data-token-time=\"1776285538\"><noscript class=\"wpforms-error-noscript\">Por favor, activa JavaScript en tu navegador para completar este formulario.<\/noscript><div id=\"wpforms-error-noscript\" style=\"display: none;\">Por favor, activa JavaScript en tu navegador para completar este formulario.<\/div><div class=\"wpforms-field-container\"><div id=\"wpforms-9-field_0-container\" class=\"wpforms-field wpforms-field-name wpforms-one-half wpforms-first\" data-field-id=\"0\"><label class=\"wpforms-field-label\" for=\"wpforms-9-field_0\">Nombre  <span class=\"wpforms-required-label\" aria-hidden=\"true\">*<\/span><\/label><input type=\"text\" id=\"wpforms-9-field_0\" class=\"wpforms-field-large wpforms-field-required\" name=\"wpforms[fields][0]\" placeholder=\"Nombre\" aria-errormessage=\"wpforms-9-field_0-error\" required><\/div><div id=\"wpforms-9-field_3-container\" class=\"wpforms-field wpforms-field-email wpforms-one-half\" data-field-id=\"3\"><label class=\"wpforms-field-label\" for=\"wpforms-9-field_3\">Email <span class=\"wpforms-required-label\" aria-hidden=\"true\">*<\/span><\/label><input type=\"email\" id=\"wpforms-9-field_3\" class=\"wpforms-field-large wpforms-field-required\" name=\"wpforms[fields][3]\" placeholder=\"Email\" spellcheck=\"false\" aria-errormessage=\"wpforms-9-field_3-error\" required><\/div><div id=\"wpforms-9-field_8-container\" class=\"wpforms-field wpforms-field-text\" data-field-id=\"8\"><label class=\"wpforms-field-label\" for=\"wpforms-9-field_8\">Movil <span class=\"wpforms-required-label\" aria-hidden=\"true\">*<\/span><\/label><input type=\"text\" id=\"wpforms-9-field_8\" class=\"wpforms-field-medium wpforms-field-required\" name=\"wpforms[fields][8]\" placeholder=\"Movil\" aria-errormessage=\"wpforms-9-field_8-error\" required><\/div><div id=\"wpforms-9-field_2-container\" class=\"wpforms-field wpforms-field-textarea\" data-field-id=\"2\"><label class=\"wpforms-field-label\" for=\"wpforms-9-field_2\">Tu pregunta <span class=\"wpforms-required-label\" aria-hidden=\"true\">*<\/span><\/label><textarea id=\"wpforms-9-field_2\" class=\"wpforms-field-medium wpforms-field-required\" name=\"wpforms[fields][2]\" placeholder=\"Tu pregunta\" aria-errormessage=\"wpforms-9-field_2-error\" required><\/textarea><\/div><div id=\"wpforms-9-field_6-container\" class=\"wpforms-field wpforms-field-radio\" data-field-id=\"6\"><fieldset><legend class=\"wpforms-field-label\"> <span class=\"wpforms-required-label\" aria-hidden=\"true\">*<\/span><\/legend><ul id=\"wpforms-9-field_6\" class=\"wpforms-field-required\"><li class=\"choice-1 depth-1\"><input type=\"radio\" id=\"wpforms-9-field_6_1\" name=\"wpforms[fields][6]\" value=\"Acepto recibir otras comunicaciones de Renova-Te\" aria-errormessage=\"wpforms-9-field_6_1-error\" required ><label class=\"wpforms-field-label-inline\" for=\"wpforms-9-field_6_1\">Acepto recibir otras comunicaciones de Renova-Te<\/label><\/li><\/ul><\/fieldset><\/div><\/div><!-- .wpforms-field-container --><div class=\"wpforms-submit-container\" ><input type=\"hidden\" name=\"wpforms[id]\" value=\"9\"><input type=\"hidden\" name=\"page_title\" value=\"\"><input type=\"hidden\" name=\"page_url\" value=\"https:\/\/renova-te.com\/index.php\/wp-json\/wp\/v2\/pages\/306\"><input type=\"hidden\" name=\"url_referer\" value=\"\"><button type=\"submit\" name=\"wpforms[submit]\" id=\"wpforms-submit-9\" class=\"wpforms-submit\" data-alt-text=\"Enviando...\" data-submit-text=\"Enviar\" aria-live=\"assertive\" value=\"wpforms-submit\">Enviar<\/button><\/div><\/form><\/div>  <!-- .wpforms-container -->\t\t\t\t<\/div>\n\t\t\t\t<\/div>\n\t\t\t\t\t<\/div>\n\t\t<\/div>\n\t\t\t\t\t<\/div>\n\t\t<\/section>\n\t\t\t\t<section class=\"elementor-section elementor-top-section elementor-element elementor-element-db42fb6 elementor-section-boxed elementor-section-height-default elementor-section-height-default\" data-id=\"db42fb6\" data-element_type=\"section\" data-e-type=\"section\">\n\t\t\t\t\t\t<div class=\"elementor-container elementor-column-gap-default\">\n\t\t\t\t\t<div class=\"elementor-column elementor-col-100 elementor-top-column elementor-element elementor-element-2f38b53\" data-id=\"2f38b53\" data-element_type=\"column\" data-e-type=\"column\">\n\t\t\t<div class=\"elementor-widget-wrap\">\n\t\t\t\t\t\t\t<\/div>\n\t\t<\/div>\n\t\t\t\t\t<\/div>\n\t\t<\/section>\n\t\t\t\t<\/div>\n\t\t","protected":false},"excerpt":{"rendered":"<p>Retiro perdida de peso Cuando una persona tiene sobrepeso, puede poner una presi\u00f3n extra en su cuerpo. Esto puede llevar a problemas como enfermedades del coraz\u00f3n, diabetes y otros problemas de salud graves. Adem\u00e1s, el sobrepesopuede hacer que sea m\u00e1s dif\u00edcil moverse y sentirse c\u00f3modo.Expertos de la salud afirman que los malos h\u00e1bitos alimenticios favorecen [&hellip;]<\/p>\n","protected":false},"author":1,"featured_media":0,"parent":0,"menu_order":0,"comment_status":"closed","ping_status":"closed","template":"","meta":{"om_disable_all_campaigns":false,"site-sidebar-layout":"no-sidebar","site-content-layout":"","ast-site-content-layout":"full-width-container","site-content-style":"default","site-sidebar-style":"default","ast-global-header-display":"","ast-banner-title-visibility":"","ast-main-header-display":"","ast-hfb-above-header-display":"","ast-hfb-below-header-display":"","ast-hfb-mobile-header-display":"","site-post-title":"disabled","ast-breadcrumbs-content":"","ast-featured-img":"disabled","footer-sml-layout":"","ast-disable-related-posts":"","theme-transparent-header-meta":"","adv-header-id-meta":"","stick-header-meta":"","header-above-stick-meta":"","header-main-stick-meta":"","header-below-stick-meta":"","astra-migrate-meta-layouts":"default","ast-page-background-enabled":"default","ast-page-background-meta":{"desktop":{"background-color":"var(--ast-global-color-4)","background-image":"","background-repeat":"repeat","background-position":"center center","background-size":"auto","background-attachment":"scroll","background-type":"","background-media":"","overlay-type":"","overlay-color":"","overlay-opacity":"","overlay-gradient":""},"tablet":{"background-color":"","background-image":"","background-repeat":"repeat","background-position":"center center","background-size":"auto","background-attachment":"scroll","background-type":"","background-media":"","overlay-type":"","overlay-color":"","overlay-opacity":"","overlay-gradient":""},"mobile":{"background-color":"","background-image":"","background-repeat":"repeat","background-position":"center center","background-size":"auto","background-attachment":"scroll","background-type":"","background-media":"","overlay-type":"","overlay-color":"","overlay-opacity":"","overlay-gradient":""}},"ast-content-background-meta":{"desktop":{"background-color":"var(--ast-global-color-5)","background-image":"","background-repeat":"repeat","background-position":"center center","background-size":"auto","background-attachment":"scroll","background-type":"","background-media":"","overlay-type":"","overlay-color":"","overlay-opacity":"","overlay-gradient":""},"tablet":{"background-color":"var(--ast-global-color-5)","background-image":"","background-repeat":"repeat","background-position":"center center","background-size":"auto","background-attachment":"scroll","background-type":"","background-media":"","overlay-type":"","overlay-color":"","overlay-opacity":"","overlay-gradient":""},"mobile":{"background-color":"var(--ast-global-color-5)","background-image":"","background-repeat":"repeat","background-position":"center center","background-size":"auto","background-attachment":"scroll","background-type":"","background-media":"","overlay-type":"","overlay-color":"","overlay-opacity":"","overlay-gradient":""}},"footnotes":""},"class_list":["post-306","page","type-page","status-publish","hentry"],"aioseo_notices":[],"_links":{"self":[{"href":"https:\/\/renova-te.com\/index.php\/wp-json\/wp\/v2\/pages\/306","targetHints":{"allow":["GET"]}}],"collection":[{"href":"https:\/\/renova-te.com\/index.php\/wp-json\/wp\/v2\/pages"}],"about":[{"href":"https:\/\/renova-te.com\/index.php\/wp-json\/wp\/v2\/types\/page"}],"author":[{"embeddable":true,"href":"https:\/\/renova-te.com\/index.php\/wp-json\/wp\/v2\/users\/1"}],"replies":[{"embeddable":true,"href":"https:\/\/renova-te.com\/index.php\/wp-json\/wp\/v2\/comments?post=306"}],"version-history":[{"count":7,"href":"https:\/\/renova-te.com\/index.php\/wp-json\/wp\/v2\/pages\/306\/revisions"}],"predecessor-version":[{"id":443,"href":"https:\/\/renova-te.com\/index.php\/wp-json\/wp\/v2\/pages\/306\/revisions\/443"}],"wp:attachment":[{"href":"https:\/\/renova-te.com\/index.php\/wp-json\/wp\/v2\/media?parent=306"}],"curies":[{"name":"wp","href":"https:\/\/api.w.org\/{rel}","templated":true}]}}