{"id":287,"date":"2023-09-17T20:50:41","date_gmt":"2023-09-17T18:50:41","guid":{"rendered":"https:\/\/renova-te.com\/?page_id=287"},"modified":"2023-09-18T09:35:09","modified_gmt":"2023-09-18T07:35:09","slug":"nuestra-metodologia","status":"publish","type":"page","link":"https:\/\/renova-te.com\/index.php\/nuestra-metodologia\/","title":{"rendered":"Metodolog\u00eda"},"content":{"rendered":"\t\t<div data-elementor-type=\"wp-page\" data-elementor-id=\"287\" class=\"elementor elementor-287\">\n\t\t\t\t\t\t<section class=\"elementor-section elementor-top-section elementor-element elementor-element-4c7a9c7 elementor-section-boxed elementor-section-height-default elementor-section-height-default\" data-id=\"4c7a9c7\" data-element_type=\"section\" data-e-type=\"section\">\n\t\t\t\t\t\t<div class=\"elementor-container elementor-column-gap-default\">\n\t\t\t\t\t<div class=\"elementor-column elementor-col-100 elementor-top-column elementor-element elementor-element-26efb53\" data-id=\"26efb53\" data-element_type=\"column\" data-e-type=\"column\">\n\t\t\t<div class=\"elementor-widget-wrap elementor-element-populated\">\n\t\t\t\t\t\t<div class=\"elementor-element elementor-element-234638d elementor-invisible elementor-widget elementor-widget-heading\" data-id=\"234638d\" data-element_type=\"widget\" data-e-type=\"widget\" data-settings=\"{&quot;_animation&quot;:&quot;fadeIn&quot;,&quot;_animation_delay&quot;:300}\" data-widget_type=\"heading.default\">\n\t\t\t\t\t<h2 class=\"elementor-heading-title elementor-size-default\"><br><br><br><br>\u00bfEst\u00e1s cansado de sentirte atrapado <br>en un ciclo de intentos fallidos\npara perder peso?<\/h2>\t\t\t\t<\/div>\n\t\t\t\t\t<\/div>\n\t\t<\/div>\n\t\t\t\t\t<\/div>\n\t\t<\/section>\n\t\t\t\t<section class=\"elementor-section elementor-top-section elementor-element elementor-element-e63fb52 elementor-section-boxed elementor-section-height-default elementor-section-height-default elementor-invisible\" data-id=\"e63fb52\" data-element_type=\"section\" data-e-type=\"section\" data-settings=\"{&quot;animation&quot;:&quot;fadeInUp&quot;}\">\n\t\t\t\t\t\t<div class=\"elementor-container elementor-column-gap-default\">\n\t\t\t\t\t<div class=\"elementor-column elementor-col-100 elementor-top-column elementor-element elementor-element-48c4ce5\" data-id=\"48c4ce5\" data-element_type=\"column\" data-e-type=\"column\">\n\t\t\t<div class=\"elementor-widget-wrap elementor-element-populated\">\n\t\t\t\t\t\t<div class=\"elementor-element elementor-element-cfd818e elementor-widget__width-initial elementor-widget elementor-widget-image\" data-id=\"cfd818e\" data-element_type=\"widget\" data-e-type=\"widget\" data-widget_type=\"image.default\">\n\t\t\t\t\t\t\t\t\t\t\t\t\t\t\t<img fetchpriority=\"high\" decoding=\"async\" width=\"509\" height=\"338\" src=\"https:\/\/renova-te.com\/wp-content\/uploads\/2023\/09\/38.jpg\" class=\"attachment-medium_large size-medium_large wp-image-293\" alt=\"\" srcset=\"https:\/\/renova-te.com\/wp-content\/uploads\/2023\/09\/38.jpg 509w, https:\/\/renova-te.com\/wp-content\/uploads\/2023\/09\/38-300x199.jpg 300w\" sizes=\"(max-width: 509px) 100vw, 509px\" \/>\t\t\t\t\t\t\t\t\t\t\t\t\t\t\t<\/div>\n\t\t\t\t<div class=\"elementor-element elementor-element-2a621e9 elementor-widget__width-initial elementor-widget elementor-widget-text-editor\" data-id=\"2a621e9\" data-element_type=\"widget\" data-e-type=\"widget\" data-widget_type=\"text-editor.default\">\n\t\t\t\t\t\t\t\t\t<p>\u00a0<\/p><p>\u00bfTe agobia la falta de progreso y la sensaci\u00f3n de estar solo en esta lucha? \u00bfHas sentido frustraci\u00f3n al no ver resultados a pesar de tus esfuerzos? Pero sin resultado.<\/p>\t\t\t\t\t\t\t\t<\/div>\n\t\t\t\t\t<\/div>\n\t\t<\/div>\n\t\t\t\t\t<\/div>\n\t\t<\/section>\n\t\t\t\t<section class=\"elementor-section elementor-top-section elementor-element elementor-element-87623b9 elementor-section-boxed elementor-section-height-default elementor-section-height-default elementor-invisible\" data-id=\"87623b9\" data-element_type=\"section\" data-e-type=\"section\" data-settings=\"{&quot;animation&quot;:&quot;fadeIn&quot;}\">\n\t\t\t\t\t\t<div class=\"elementor-container elementor-column-gap-default\">\n\t\t\t\t\t<div class=\"elementor-column elementor-col-100 elementor-top-column elementor-element elementor-element-c791894\" data-id=\"c791894\" data-element_type=\"column\" data-e-type=\"column\">\n\t\t\t<div class=\"elementor-widget-wrap elementor-element-populated\">\n\t\t\t\t\t\t<div class=\"elementor-element elementor-element-f63a2bc elementor-widget elementor-widget-text-editor\" data-id=\"f63a2bc\" data-element_type=\"widget\" data-e-type=\"widget\" data-widget_type=\"text-editor.default\">\n\t\t\t\t\t\t\t\t\t<p>\u00a1!Comprendemos tus desaf\u00edos y estamos aqu\u00ed para brindarte el apoyo y la gu\u00eda que necesitas para superarlos y lograr un cambio duradero en tu vida.!!<\/p>\t\t\t\t\t\t\t\t<\/div>\n\t\t\t\t<div class=\"elementor-element elementor-element-f9b688d elementor-widget elementor-widget-heading\" data-id=\"f9b688d\" data-element_type=\"widget\" data-e-type=\"widget\" data-widget_type=\"heading.default\">\n\t\t\t\t\t<h4 class=\"elementor-heading-title elementor-size-default\">Descubre Nuestra metodolog\u00eda<br><\/h4>\t\t\t\t<\/div>\n\t\t\t\t\t<\/div>\n\t\t<\/div>\n\t\t\t\t\t<\/div>\n\t\t<\/section>\n\t\t\t\t<section class=\"elementor-section elementor-top-section elementor-element elementor-element-baa1ff4 elementor-section-boxed elementor-section-height-default elementor-section-height-default elementor-invisible\" data-id=\"baa1ff4\" data-element_type=\"section\" data-e-type=\"section\" data-settings=\"{&quot;animation&quot;:&quot;fadeIn&quot;}\">\n\t\t\t\t\t\t<div class=\"elementor-container elementor-column-gap-default\">\n\t\t\t\t\t<div class=\"elementor-column elementor-col-100 elementor-top-column elementor-element elementor-element-e8999f9\" data-id=\"e8999f9\" data-element_type=\"column\" data-e-type=\"column\">\n\t\t\t<div class=\"elementor-widget-wrap elementor-element-populated\">\n\t\t\t\t\t\t<div class=\"elementor-element elementor-element-f7a21c6 elementor-widget elementor-widget-image\" data-id=\"f7a21c6\" data-element_type=\"widget\" data-e-type=\"widget\" data-widget_type=\"image.default\">\n\t\t\t\t\t\t\t\t\t\t\t\t\t\t\t<img decoding=\"async\" width=\"1024\" height=\"576\" src=\"https:\/\/renova-te.com\/wp-content\/uploads\/2023\/09\/9.nuestra-metodologia-1024x576.png\" class=\"attachment-large size-large wp-image-294\" alt=\"\" srcset=\"https:\/\/renova-te.com\/wp-content\/uploads\/2023\/09\/9.nuestra-metodologia-1024x576.png 1024w, https:\/\/renova-te.com\/wp-content\/uploads\/2023\/09\/9.nuestra-metodologia-300x169.png 300w, https:\/\/renova-te.com\/wp-content\/uploads\/2023\/09\/9.nuestra-metodologia-768x432.png 768w, https:\/\/renova-te.com\/wp-content\/uploads\/2023\/09\/9.nuestra-metodologia.png 1366w\" sizes=\"(max-width: 1024px) 100vw, 1024px\" \/>\t\t\t\t\t\t\t\t\t\t\t\t\t\t\t<\/div>\n\t\t\t\t<div class=\"elementor-element elementor-element-8379077 elementor-widget elementor-widget-text-editor\" data-id=\"8379077\" data-element_type=\"widget\" data-e-type=\"widget\" data-widget_type=\"text-editor.default\">\n\t\t\t\t\t\t\t\t\t<p><br><\/p><p>Mediante nuestro m\u00e9todo con triple enfoque podr\u00e1s Explorar la eficacia de una alimentaci\u00f3n equilibrada para<br>una p\u00e9rdida de peso sostenible. Aprender estrategias efectivas para mantener tu motivaci\u00f3n en salud a largo plazo.<br>Estamos dedicados a guiarte en la formaci\u00f3n de esta perspectiva y en comenzar tu camino hacia una vida m\u00e1s<br>saludable y ligera.<\/p>\t\t\t\t\t\t\t\t<\/div>\n\t\t\t\t\t<\/div>\n\t\t<\/div>\n\t\t\t\t\t<\/div>\n\t\t<\/section>\n\t\t\t\t<section class=\"elementor-section elementor-top-section elementor-element elementor-element-d895996 elementor-section-boxed elementor-section-height-default elementor-section-height-default\" data-id=\"d895996\" data-element_type=\"section\" data-e-type=\"section\">\n\t\t\t\t\t\t<div class=\"elementor-container elementor-column-gap-default\">\n\t\t\t\t\t<div class=\"elementor-column elementor-col-100 elementor-top-column elementor-element elementor-element-a377630\" data-id=\"a377630\" data-element_type=\"column\" data-e-type=\"column\">\n\t\t\t<div class=\"elementor-widget-wrap elementor-element-populated\">\n\t\t\t\t\t\t<div class=\"elementor-element elementor-element-02449bf elementor-invisible elementor-widget elementor-widget-image\" data-id=\"02449bf\" data-element_type=\"widget\" data-e-type=\"widget\" data-settings=\"{&quot;_animation&quot;:&quot;fadeInRight&quot;}\" data-widget_type=\"image.default\">\n\t\t\t\t\t\t\t\t\t\t\t\t\t\t\t<img decoding=\"async\" width=\"1024\" height=\"576\" src=\"https:\/\/renova-te.com\/wp-content\/uploads\/2023\/09\/ademas-te-ofrecemos-1024x576.png\" class=\"attachment-large size-large wp-image-295\" alt=\"\" srcset=\"https:\/\/renova-te.com\/wp-content\/uploads\/2023\/09\/ademas-te-ofrecemos-1024x576.png 1024w, https:\/\/renova-te.com\/wp-content\/uploads\/2023\/09\/ademas-te-ofrecemos-300x169.png 300w, https:\/\/renova-te.com\/wp-content\/uploads\/2023\/09\/ademas-te-ofrecemos-768x432.png 768w, https:\/\/renova-te.com\/wp-content\/uploads\/2023\/09\/ademas-te-ofrecemos.png 1366w\" sizes=\"(max-width: 1024px) 100vw, 1024px\" \/>\t\t\t\t\t\t\t\t\t\t\t\t\t\t\t<\/div>\n\t\t\t\t<div class=\"elementor-element elementor-element-f19de12 elementor-widget elementor-widget-text-editor\" data-id=\"f19de12\" data-element_type=\"widget\" data-e-type=\"widget\" data-widget_type=\"text-editor.default\">\n\t\t\t\t\t\t\t\t\t<p><br><\/p><p><span style=\"font-style: inherit; font-weight: inherit;\">Durante tu estancia en nuestros retiros experimentar\u00e1s una renovaci\u00f3n f\u00edsica y mental que te permitir\u00e1 regresar a<\/span><br><\/p><p>casa con una vitalidad y frescura completamente renovadas.<\/p>\t\t\t\t\t\t\t\t<\/div>\n\t\t\t\t<div class=\"elementor-element elementor-element-5b00f80 elementor-widget elementor-widget-heading\" data-id=\"5b00f80\" data-element_type=\"widget\" data-e-type=\"widget\" data-widget_type=\"heading.default\">\n\t\t\t\t\t<h4 class=\"elementor-heading-title elementor-size-default\">\u00bfQue incluye la estancia?<\/h4>\t\t\t\t<\/div>\n\t\t\t\t<div class=\"elementor-element elementor-element-95e7d0d elementor-widget elementor-widget-text-editor\" data-id=\"95e7d0d\" data-element_type=\"widget\" data-e-type=\"widget\" data-widget_type=\"text-editor.default\">\n\t\t\t\t\t\t\t\t\t<p>\u2022\u00a0Cuestionario personalizado de 30 minutos antes de entrar al retiro.<br \/>\u2022\u00a0Evaluaci\u00f3n de estado inicial, y evaluaci\u00f3n final con recomendaciones de salud antes de partir.<br \/>\u2022\u00a0Programa perdida de paso.<br \/>\u2022\u00a0Masajes de relajaci\u00f3n para activar el efecto d\u00e9tox<br \/>\u2022\u00a0Ejercicios y actividades diarias<br \/>\u2022\u00a0Charlas para la nutrici\u00f3n Sana<br \/>\u2022\u00a0Charlas sobre control emocional<br \/>\u2022\u00a0Otras actividades de ocio y relajaci\u00f3n, caminatas guiadas, excursiones, \u2026<br \/>\u2022\u00a0Tratamientos adicionales, adem\u00e1s disponemos de varias alianzas y colaboraci\u00f3n con las mejores firmas de salud y<br \/>est\u00e9tica para las personas que quieran contratarlas, con las mejores ofertas y descuentos.<\/p>\t\t\t\t\t\t\t\t<\/div>\n\t\t\t\t\t<\/div>\n\t\t<\/div>\n\t\t\t\t\t<\/div>\n\t\t<\/section>\n\t\t\t\t<\/div>\n\t\t","protected":false},"excerpt":{"rendered":"<p>\u00bfEst\u00e1s cansado de sentirte atrapado en un ciclo de intentos fallidos para perder peso? \u00a0 \u00bfTe agobia la falta de progreso y la sensaci\u00f3n de estar solo en esta lucha? \u00bfHas sentido frustraci\u00f3n al no ver resultados a pesar de tus esfuerzos? Pero sin resultado. \u00a1!Comprendemos tus desaf\u00edos y estamos aqu\u00ed para brindarte el apoyo [&hellip;]<\/p>\n","protected":false},"author":1,"featured_media":0,"parent":0,"menu_order":0,"comment_status":"closed","ping_status":"closed","template":"","meta":{"om_disable_all_campaigns":false,"site-sidebar-layout":"no-sidebar","site-content-layout":"","ast-site-content-layout":"full-width-container","site-content-style":"default","site-sidebar-style":"default","ast-global-header-display":"","ast-banner-title-visibility":"","ast-main-header-display":"","ast-hfb-above-header-display":"","ast-hfb-below-header-display":"","ast-hfb-mobile-header-display":"","site-post-title":"disabled","ast-breadcrumbs-content":"","ast-featured-img":"disabled","footer-sml-layout":"","ast-disable-related-posts":"","theme-transparent-header-meta":"","adv-header-id-meta":"","stick-header-meta":"","header-above-stick-meta":"","header-main-stick-meta":"","header-below-stick-meta":"","astra-migrate-meta-layouts":"default","ast-page-background-enabled":"default","ast-page-background-meta":{"desktop":{"background-color":"var(--ast-global-color-4)","background-image":"","background-repeat":"repeat","background-position":"center center","background-size":"auto","background-attachment":"scroll","background-type":"","background-media":"","overlay-type":"","overlay-color":"","overlay-opacity":"","overlay-gradient":""},"tablet":{"background-color":"","background-image":"","background-repeat":"repeat","background-position":"center center","background-size":"auto","background-attachment":"scroll","background-type":"","background-media":"","overlay-type":"","overlay-color":"","overlay-opacity":"","overlay-gradient":""},"mobile":{"background-color":"","background-image":"","background-repeat":"repeat","background-position":"center center","background-size":"auto","background-attachment":"scroll","background-type":"","background-media":"","overlay-type":"","overlay-color":"","overlay-opacity":"","overlay-gradient":""}},"ast-content-background-meta":{"desktop":{"background-color":"var(--ast-global-color-5)","background-image":"","background-repeat":"repeat","background-position":"center center","background-size":"auto","background-attachment":"scroll","background-type":"","background-media":"","overlay-type":"","overlay-color":"","overlay-opacity":"","overlay-gradient":""},"tablet":{"background-color":"var(--ast-global-color-5)","background-image":"","background-repeat":"repeat","background-position":"center center","background-size":"auto","background-attachment":"scroll","background-type":"","background-media":"","overlay-type":"","overlay-color":"","overlay-opacity":"","overlay-gradient":""},"mobile":{"background-color":"var(--ast-global-color-5)","background-image":"","background-repeat":"repeat","background-position":"center center","background-size":"auto","background-attachment":"scroll","background-type":"","background-media":"","overlay-type":"","overlay-color":"","overlay-opacity":"","overlay-gradient":""}},"footnotes":""},"class_list":["post-287","page","type-page","status-publish","hentry"],"aioseo_notices":[],"_links":{"self":[{"href":"https:\/\/renova-te.com\/index.php\/wp-json\/wp\/v2\/pages\/287","targetHints":{"allow":["GET"]}}],"collection":[{"href":"https:\/\/renova-te.com\/index.php\/wp-json\/wp\/v2\/pages"}],"about":[{"href":"https:\/\/renova-te.com\/index.php\/wp-json\/wp\/v2\/types\/page"}],"author":[{"embeddable":true,"href":"https:\/\/renova-te.com\/index.php\/wp-json\/wp\/v2\/users\/1"}],"replies":[{"embeddable":true,"href":"https:\/\/renova-te.com\/index.php\/wp-json\/wp\/v2\/comments?post=287"}],"version-history":[{"count":20,"href":"https:\/\/renova-te.com\/index.php\/wp-json\/wp\/v2\/pages\/287\/revisions"}],"predecessor-version":[{"id":439,"href":"https:\/\/renova-te.com\/index.php\/wp-json\/wp\/v2\/pages\/287\/revisions\/439"}],"wp:attachment":[{"href":"https:\/\/renova-te.com\/index.php\/wp-json\/wp\/v2\/media?parent=287"}],"curies":[{"name":"wp","href":"https:\/\/api.w.org\/{rel}","templated":true}]}}